{"id":489,"date":"2022-09-30T13:26:09","date_gmt":"2022-09-30T11:26:09","guid":{"rendered":"https:\/\/www.laristobottega.com\/contact\/"},"modified":"2024-03-15T10:56:16","modified_gmt":"2024-03-15T08:56:16","slug":"contact","status":"publish","type":"page","link":"https:\/\/www.laristobottega.com\/en\/contact\/","title":{"rendered":"Contact"},"content":{"rendered":"<section class=\"l-section wpb_row us_custom_f252694d has_text_color height_huge\"><div class=\"l-section-overlay\" style=\"background:linear-gradient(180deg,#000000,rgba(0,0,0,0.25))\"><\/div><div class=\"l-section-h i-cf\"><div class=\"g-cols vc_row via_flex valign_top type_default stacking_default\"><div class=\"vc_col-sm-12 wpb_column vc_column_container\"><div class=\"vc_column-inner\"><div class=\"wpb_wrapper\">[vc_custom_heading text=&#8221;Contact&#8221; font_container=&#8221;tag:h1|text_align:center&#8221; use_theme_fonts=&#8221;yes&#8221; css=&#8221;%7B%22default%22%3A%7B%22margin-bottom%22%3A%22-1.75rem%22%7D%2C%22laptops%22%3A%7B%22margin-bottom%22%3A%22-1.75rem%22%7D%2C%22tablets%22%3A%7B%22margin-bottom%22%3A%22-1.75rem%22%7D%2C%22mobiles%22%3A%7B%22margin-bottom%22%3A%22-1rem%22%7D%7D&#8221;]<\/div><\/div><\/div><\/div><\/div><\/section><section class=\"l-section wpb_row height_medium\"><div class=\"l-section-h i-cf\"><div class=\"g-cols vc_row via_flex valign_top type_default stacking_default\"><div class=\"vc_col-sm-12 wpb_column vc_column_container\"><div class=\"vc_column-inner\"><div class=\"wpb_wrapper\"><div class=\"g-cols wpb_row us_custom_92b2762d via_flex valign_top type_default stacking_default\"><div class=\"vc_col-sm-3 wpb_column vc_column_container\"><div class=\"vc_column-inner\"><div class=\"wpb_wrapper\"><div class=\"w-text us_custom_7ba27b95 hide_on_tablets hide_on_mobiles\"><span class=\"w-text-h\"><span class=\"w-text-value\">Phone<\/span><\/span><\/div><div class=\"w-text us_custom_8dc033f3 hide_on_default hide_on_laptops icon_atleft\"><span class=\"w-text-h\"><span class=\"fal fa-phone-alt\"><\/span><span class=\"w-text-value\"><\/span><\/span><\/div><div class=\"wpb_text_column\"><div class=\"wpb_wrapper\"><p style=\"text-align: center;\"><a href=\"tel:+34952061156\">952 06 11 56<\/a><\/p>\n<\/div><\/div><\/div><\/div><\/div><div class=\"vc_col-sm-3 wpb_column vc_column_container\"><div class=\"vc_column-inner\"><div class=\"wpb_wrapper\"><div class=\"w-text us_custom_7ba27b95 hide_on_tablets hide_on_mobiles\"><span class=\"w-text-h\"><span class=\"w-text-value\">Email<\/span><\/span><\/div><div class=\"w-text us_custom_8dc033f3 hide_on_default hide_on_laptops icon_atleft\"><span class=\"w-text-h\"><span class=\"fal fa-envelope\"><\/span><span class=\"w-text-value\"><\/span><\/span><\/div><div class=\"wpb_text_column\"><div class=\"wpb_wrapper\"><p style=\"text-align: center;\"><a href=\"mailto:reservas@laristobottega.com\">reservas@laristobottega.com<\/a><\/p>\n<\/div><\/div><\/div><\/div><\/div><div class=\"vc_col-sm-3 wpb_column vc_column_container\"><div class=\"vc_column-inner\"><div class=\"wpb_wrapper\"><div class=\"w-text us_custom_7ba27b95 hide_on_tablets hide_on_mobiles\"><span class=\"w-text-h\"><span class=\"w-text-value\">Address<\/span><\/span><\/div><div class=\"w-text us_custom_8dc033f3 hide_on_default hide_on_laptops icon_atleft\"><span class=\"w-text-h\"><span class=\"fal fa-map-marker-alt\"><\/span><span class=\"w-text-value\"><\/span><\/span><\/div><div class=\"wpb_text_column\"><div class=\"wpb_wrapper\"><p style=\"text-align: center;\"><a href=\"https:\/\/maps.app.goo.gl\/1Tb97LJFmc1D6J988\" target=\"_blank\" rel=\"noopener\"><span class=\"LrzXr\">C. Ca\u00f1\u00f3n, 3, 29015 M\u00e1laga<\/span><\/a><\/p>\n<\/div><\/div><\/div><\/div><\/div><div class=\"vc_col-sm-3 wpb_column vc_column_container\"><div class=\"vc_column-inner\"><div class=\"wpb_wrapper\"><div class=\"w-text us_custom_7ba27b95 hide_on_tablets hide_on_mobiles\"><span class=\"w-text-h\"><span class=\"w-text-value\">Schedule<\/span><\/span><\/div><div class=\"w-text us_custom_8dc033f3 hide_on_default hide_on_laptops icon_atleft\"><span class=\"w-text-h\"><span class=\"fal fa-clock\"><\/span><span class=\"w-text-value\"><\/span><\/span><\/div><div class=\"wpb_text_column\"><div class=\"wpb_wrapper\"><p style=\"text-align: center;\">Monday to Sunday from<br \/>\n9:30 &#8211; 24:00<\/p>\n<\/div><\/div><\/div><\/div><\/div><\/div><div class=\"w-btn-wrapper align_center\"><button class=\"w-btn us-btn-style_1 book\"><span class=\"w-btn-label\">Reserve a table<\/span><\/button><\/div><\/div><\/div><\/div><\/div><\/div><\/section><section class=\"l-section wpb_row us_custom_19737bc8 height_medium\"><div class=\"l-section-h i-cf\"><div class=\"g-cols vc_row via_flex valign_top type_default stacking_default\"><div class=\"vc_col-sm-6 wpb_column vc_column_container\"><div class=\"vc_column-inner\"><div class=\"wpb_wrapper\"><div class=\"w-html\" id=\"map\"><iframe src=\"https:\/\/www.google.com\/maps\/embed?pb=!1m14!1m8!1m3!1d12792.371622604485!2d-4.418651!3d36.7203299!3m2!1i1024!2i768!4f13.1!3m3!1m2!1s0xd72f74e3cc3fae1%3A0x9045124205ee6722!2sLa%20ristobottega!5e0!3m2!1ses!2ses!4v1696599786533!5m2!1ses!2ses\" style=\"width: 100%; height: 480px; border: 0;\" allowfullscreen=\"\" loading=\"lazy\" referrerpolicy=\"no-referrer-when-downgrade\"><\/iframe><\/div><\/div><\/div><\/div><div class=\"vc_col-sm-6 wpb_column vc_column_container\"><div class=\"vc_column-inner\"><div class=\"wpb_wrapper\"><div class=\"wpb_text_column\"><div class=\"wpb_wrapper\"><p>Do you have any doubts?<br \/>\n<strong>CONTACT US<\/strong><\/p>\n<\/div><\/div>\n<div class=\"wpcf7 no-js\" id=\"wpcf7-f519-o1\" lang=\"en-US\" dir=\"ltr\" data-wpcf7-id=\"519\">\n<div class=\"screen-reader-response\"><p role=\"status\" aria-live=\"polite\" aria-atomic=\"true\"><\/p> <ul><\/ul><\/div>\n<form action=\"\/en\/wp-json\/wp\/v2\/pages\/489#wpcf7-f519-o1\" method=\"post\" class=\"wpcf7-form init wpcf7-acceptance-as-validation\" aria-label=\"Contact form\" novalidate=\"novalidate\" data-status=\"init\">\n<fieldset class=\"hidden-fields-container\"><input type=\"hidden\" name=\"_wpcf7\" value=\"519\" \/><input type=\"hidden\" name=\"_wpcf7_version\" value=\"6.1.5\" \/><input type=\"hidden\" name=\"_wpcf7_locale\" value=\"en_US\" \/><input type=\"hidden\" name=\"_wpcf7_unit_tag\" value=\"wpcf7-f519-o1\" \/><input type=\"hidden\" name=\"_wpcf7_container_post\" value=\"0\" \/><input type=\"hidden\" name=\"_wpcf7_posted_data_hash\" value=\"\" \/><input type=\"hidden\" name=\"_wpcf7_recaptcha_response\" value=\"\" \/>\n<\/fieldset>\n<div class=\"row\">\n<div class=\"col-xs-12\"><div class=\"form-group\"><label for=\"nombre\"><span class=\"label\">Name<\/span><span class=\"wpcf7-form-control-wrap\" data-name=\"nombre\"><input size=\"40\" maxlength=\"400\" class=\"wpcf7-form-control wpcf7-text wpcf7-validates-as-required\" id=\"nombre\" aria-required=\"true\" aria-invalid=\"false\" placeholder=\"Name*\" value=\"\" type=\"text\" name=\"nombre\" \/><\/span><\/label><\/div><\/div>\n<\/div>\n<div class=\"row\">\n<div class=\"col-xs-12\"><div class=\"form-group\"><label for=\"email\"><span class=\"label\">Email<\/span><span class=\"wpcf7-form-control-wrap\" data-name=\"email\"><input size=\"40\" maxlength=\"400\" class=\"wpcf7-form-control wpcf7-email wpcf7-validates-as-required wpcf7-text wpcf7-validates-as-email\" id=\"email\" aria-required=\"true\" aria-invalid=\"false\" placeholder=\"Email*\" value=\"\" type=\"email\" name=\"email\" \/><\/span><\/label><\/div><\/div>\n<\/div>\n<div class=\"row\">\n<div class=\"col-xs-12\"><div class=\"form-group\"><label for=\"mensaje\"><span class=\"label\">Message<\/span><span class=\"wpcf7-form-control-wrap\" data-name=\"mensaje\"><textarea cols=\"40\" rows=\"10\" maxlength=\"2000\" class=\"wpcf7-form-control wpcf7-textarea wpcf7-validates-as-required\" id=\"mensaje\" aria-required=\"true\" aria-invalid=\"false\" placeholder=\"Message*\" name=\"mensaje\"><\/textarea><\/span><\/label><\/div><\/div>\n<\/div>\n<div class=\"row\">\n<div class=\"col-xs-12\"><div class=\"form-group\"><label for=\"legal\"><span class=\"wpcf7-form-control-wrap\" data-name=\"legal\"><span class=\"wpcf7-form-control wpcf7-acceptance\"><span class=\"wpcf7-list-item\"><label><input type=\"checkbox\" name=\"legal\" value=\"1\" id=\"legal\" aria-invalid=\"false\" \/><span class=\"wpcf7-list-item-label\">I have read and accept the <a target=\"_blank\" rel=\"nofollow\" href=\"https:\/\/www.laristobottega.com\/en\/privacy-policy\/\">privacy policy<\/a>.<\/span><\/label><\/span><\/span><\/span><\/label><\/div><\/div>\n<\/div>\n<div class=\"block-submit\"><input class=\"wpcf7-form-control wpcf7-submit has-spinner\" id=\"form-contact\" type=\"submit\" value=\"Send\" \/><\/div><div class=\"wpcf7-response-output\" aria-hidden=\"true\"><\/div>\n<\/form>\n<\/div>\n<\/div><\/div><\/div><\/div><\/div><\/section><section class=\"l-section wpb_row height_medium\"><div class=\"l-section-h i-cf\"><div class=\"g-cols vc_row via_flex valign_top type_default stacking_default\"><div class=\"vc_col-sm-12 wpb_column vc_column_container\"><div class=\"vc_column-inner\"><div class=\"wpb_wrapper\"><div class=\"wpb_text_column us_custom_a4d8da07\"><div class=\"wpb_wrapper\"><p style=\"text-align: center;\">Arrivederci!<br \/>\nTi aspettiamo a La Ristobottega<\/p>\n<\/div><\/div><\/div><\/div><\/div><\/div><\/div><\/section>\n","protected":false},"excerpt":{"rendered":"[vc_custom_heading text=\"Contact\" font_container=\"tag:h1|text_align:center\" use_theme_fonts=\"yes\" css=\"%7B%22default%22%3A%7B%22margin-bottom%22%3A%22-1.75rem%22%7D%2C%22laptops%22%3A%7B%22margin-bottom%22%3A%22-1.75rem%22%7D%2C%22tablets%22%3A%7B%22margin-bottom%22%3A%22-1.75rem%22%7D%2C%22mobiles%22%3A%7B%22margin-bottom%22%3A%22-1rem%22%7D%7D\"]Phone952 06 11 56 Emailreservas@laristobottega.com AddressC. Ca\u00f1\u00f3n, 3, 29015 M\u00e1laga ScheduleMonday to Sunday from 9:30 &#8211; 24:00 Reserve a tableDo you have any doubts? CONTACT US Name Email Message I have read and accept the privacy policy. Arrivederci! Ti aspettiamo a La Ristobottega","protected":false},"author":1,"featured_media":0,"parent":0,"menu_order":0,"comment_status":"closed","ping_status":"closed","template":"","meta":{"footnotes":""},"class_list":["post-489","page","type-page","status-publish","hentry"],"yoast_head":"<!-- This site is optimized with the Yoast SEO plugin v27.4 - https:\/\/yoast.com\/product\/yoast-seo-wordpress\/ -->\n<title>Contact | La Ristobottega<\/title>\n<meta name=\"robots\" content=\"index, follow, max-snippet:-1, max-image-preview:large, max-video-preview:-1\" \/>\n<link rel=\"canonical\" href=\"https:\/\/www.laristobottega.com\/en\/contact\/\" \/>\n<meta property=\"og:locale\" content=\"en_US\" \/>\n<meta property=\"og:type\" content=\"article\" \/>\n<meta property=\"og:title\" content=\"Contact | La Ristobottega\" \/>\n<meta property=\"og:url\" content=\"https:\/\/www.laristobottega.com\/en\/contact\/\" \/>\n<meta property=\"og:site_name\" content=\"La Ristobottega\" \/>\n<meta property=\"article:modified_time\" content=\"2024-03-15T08:56:16+00:00\" \/>\n<meta name=\"twitter:card\" content=\"summary_large_image\" \/>\n<meta name=\"twitter:label1\" content=\"Est. reading time\" \/>\n\t<meta name=\"twitter:data1\" content=\"1 minute\" \/>\n<script type=\"application\/ld+json\" class=\"yoast-schema-graph\">{\"@context\":\"https:\\\/\\\/schema.org\",\"@graph\":[{\"@type\":\"WebPage\",\"@id\":\"https:\\\/\\\/www.laristobottega.com\\\/en\\\/contact\\\/\",\"url\":\"https:\\\/\\\/www.laristobottega.com\\\/en\\\/contact\\\/\",\"name\":\"Contact | La Ristobottega\",\"isPartOf\":{\"@id\":\"https:\\\/\\\/www.laristobottega.com\\\/en\\\/#website\"},\"datePublished\":\"2022-09-30T11:26:09+00:00\",\"dateModified\":\"2024-03-15T08:56:16+00:00\",\"breadcrumb\":{\"@id\":\"https:\\\/\\\/www.laristobottega.com\\\/en\\\/contact\\\/#breadcrumb\"},\"inLanguage\":\"en-US\",\"potentialAction\":[{\"@type\":\"ReadAction\",\"target\":[\"https:\\\/\\\/www.laristobottega.com\\\/en\\\/contact\\\/\"]}]},{\"@type\":\"BreadcrumbList\",\"@id\":\"https:\\\/\\\/www.laristobottega.com\\\/en\\\/contact\\\/#breadcrumb\",\"itemListElement\":[{\"@type\":\"ListItem\",\"position\":1,\"name\":\"Portada\",\"item\":\"https:\\\/\\\/www.laristobottega.com\\\/en\\\/\"},{\"@type\":\"ListItem\",\"position\":2,\"name\":\"Contact\"}]},{\"@type\":\"WebSite\",\"@id\":\"https:\\\/\\\/www.laristobottega.com\\\/en\\\/#website\",\"url\":\"https:\\\/\\\/www.laristobottega.com\\\/en\\\/\",\"name\":\"La Ristobottega\",\"description\":\"\",\"potentialAction\":[{\"@type\":\"SearchAction\",\"target\":{\"@type\":\"EntryPoint\",\"urlTemplate\":\"https:\\\/\\\/www.laristobottega.com\\\/en\\\/?s={search_term_string}\"},\"query-input\":{\"@type\":\"PropertyValueSpecification\",\"valueRequired\":true,\"valueName\":\"search_term_string\"}}],\"inLanguage\":\"en-US\"}]}<\/script>\n<!-- \/ Yoast SEO plugin. -->","yoast_head_json":{"title":"Contact | La Ristobottega","robots":{"index":"index","follow":"follow","max-snippet":"max-snippet:-1","max-image-preview":"max-image-preview:large","max-video-preview":"max-video-preview:-1"},"canonical":"https:\/\/www.laristobottega.com\/en\/contact\/","og_locale":"en_US","og_type":"article","og_title":"Contact | La Ristobottega","og_url":"https:\/\/www.laristobottega.com\/en\/contact\/","og_site_name":"La Ristobottega","article_modified_time":"2024-03-15T08:56:16+00:00","twitter_card":"summary_large_image","twitter_misc":{"Est. reading time":"1 minute"},"schema":{"@context":"https:\/\/schema.org","@graph":[{"@type":"WebPage","@id":"https:\/\/www.laristobottega.com\/en\/contact\/","url":"https:\/\/www.laristobottega.com\/en\/contact\/","name":"Contact | La Ristobottega","isPartOf":{"@id":"https:\/\/www.laristobottega.com\/en\/#website"},"datePublished":"2022-09-30T11:26:09+00:00","dateModified":"2024-03-15T08:56:16+00:00","breadcrumb":{"@id":"https:\/\/www.laristobottega.com\/en\/contact\/#breadcrumb"},"inLanguage":"en-US","potentialAction":[{"@type":"ReadAction","target":["https:\/\/www.laristobottega.com\/en\/contact\/"]}]},{"@type":"BreadcrumbList","@id":"https:\/\/www.laristobottega.com\/en\/contact\/#breadcrumb","itemListElement":[{"@type":"ListItem","position":1,"name":"Portada","item":"https:\/\/www.laristobottega.com\/en\/"},{"@type":"ListItem","position":2,"name":"Contact"}]},{"@type":"WebSite","@id":"https:\/\/www.laristobottega.com\/en\/#website","url":"https:\/\/www.laristobottega.com\/en\/","name":"La Ristobottega","description":"","potentialAction":[{"@type":"SearchAction","target":{"@type":"EntryPoint","urlTemplate":"https:\/\/www.laristobottega.com\/en\/?s={search_term_string}"},"query-input":{"@type":"PropertyValueSpecification","valueRequired":true,"valueName":"search_term_string"}}],"inLanguage":"en-US"}]}},"_links":{"self":[{"href":"https:\/\/www.laristobottega.com\/en\/wp-json\/wp\/v2\/pages\/489","targetHints":{"allow":["GET"]}}],"collection":[{"href":"https:\/\/www.laristobottega.com\/en\/wp-json\/wp\/v2\/pages"}],"about":[{"href":"https:\/\/www.laristobottega.com\/en\/wp-json\/wp\/v2\/types\/page"}],"author":[{"embeddable":true,"href":"https:\/\/www.laristobottega.com\/en\/wp-json\/wp\/v2\/users\/1"}],"replies":[{"embeddable":true,"href":"https:\/\/www.laristobottega.com\/en\/wp-json\/wp\/v2\/comments?post=489"}],"version-history":[{"count":4,"href":"https:\/\/www.laristobottega.com\/en\/wp-json\/wp\/v2\/pages\/489\/revisions"}],"predecessor-version":[{"id":561,"href":"https:\/\/www.laristobottega.com\/en\/wp-json\/wp\/v2\/pages\/489\/revisions\/561"}],"wp:attachment":[{"href":"https:\/\/www.laristobottega.com\/en\/wp-json\/wp\/v2\/media?parent=489"}],"curies":[{"name":"wp","href":"https:\/\/api.w.org\/{rel}","templated":true}]}}